{"id":10,"date":"2011-12-29T19:39:55","date_gmt":"2011-12-29T19:39:55","guid":{"rendered":"http:\/\/schluesselmensch.wordpress.com\/?page_id=10"},"modified":"2024-04-14T09:21:06","modified_gmt":"2024-04-14T09:21:06","slug":"info","status":"publish","type":"page","link":"https:\/\/initiative-schluesselmensch.org\/","title":{"rendered":"\u00dcber uns"},"content":{"rendered":"<h1 style=\"text-align: center;\">Herzlich Willkommen auf unserer Seite!<\/h1>\n<p style=\"text-align: center;\">Wir sind eine kleine, in Freiburg ans\u00e4ssige Initiative, die sich vor Ort f\u00fcr Gefl\u00fcchtete einsetzt. Kern der Arbeit ist die Vermittlung von Patenschaften zwischen jungen Menschen, meist Studierenden, und gefl\u00fcchteten Kindern\/Jugendlichen, die in unserer Stadt leben. Dar\u00fcber hinaus setzen wir uns politisch von der kommunalen bis zur Bundesebene f\u00fcr eine bessere Fl\u00fcchtlingspolitik ein.<\/p>\n<p><img fetchpriority=\"high\" decoding=\"async\" src=\"http:\/\/initiative-schluesselmensch.org\/wp-content\/uploads\/2019\/12\/Bearbeitet-0388-1024x682.jpg\" alt=\"\" width=\"750\" height=\"500\" class=\"aligncenter\" \/><\/p>\n<h2><\/h2>\n<h2 style=\"font-weight: 400; text-align: center;\">So k\u00f6nnt ihr uns ab sofort erreichen:<\/h2>\n<p style=\"font-weight: 400; text-align: center;\">Ab Mai 2024 werden wir diese Webseite nicht mehr regelm\u00e4\u00dfig aktualisieren und unsere \u00d6ffentlichkeitsarbeit auf Instagram intensivieren. F\u00fcr die aktuellsten Infos schaut also gerne auf unserem Instagram Profil (<a href=\"https:\/\/www.instagram.com\/initiative_schluesselmensch_ev\/\">@initiative_schluesselmensch_ev<\/a>) vorbei. Dort erfahrt ihr welche Aktionen wir planen und wann und wo wir uns regelm\u00e4\u00dfig treffen. Viel Spa\u00df beim St\u00f6bern in den alten Beitr\u00e4gen \ud83d\ude42<\/p>\n<p style=\"font-weight: 400; text-align: center;\">Bei Fragen schreibt uns gerne eine Mail: <a href=\"mailto:mitmachen@initiative-schluesselmensch.org\">mitmachen@initiative-schluesselmensch.org<\/a><\/p>\n<p style=\"text-align: center;\"><a href=\"https:\/\/www.instagram.com\/initiative_schluesselmensch_ev\/\" target=\"_blank\" rel=\"noopener\"><br \/>\nInstagram<\/a><\/p>\n","protected":false},"excerpt":{"rendered":"<p>Herzlich Willkommen auf unserer Seite! Wir sind eine kleine, in Freiburg ans\u00e4ssige Initiative, die sich vor Ort f\u00fcr Gefl\u00fcchtete einsetzt. Kern der Arbeit ist die Vermittlung von Patenschaften zwischen jungen Menschen, meist Studierenden, und gefl\u00fcchteten Kindern\/Jugendlichen, die in unserer Stadt leben. Dar\u00fcber hinaus setzen wir uns politisch von der kommunalen [&hellip;]<\/p>\n","protected":false},"author":14,"featured_media":0,"parent":0,"menu_order":1,"comment_status":"closed","ping_status":"closed","template":"","meta":{"footnotes":""},"class_list":["post-10","page","type-page","status-publish","hentry"],"_links":{"self":[{"href":"https:\/\/initiative-schluesselmensch.org\/index.php?rest_route=\/wp\/v2\/pages\/10","targetHints":{"allow":["GET"]}}],"collection":[{"href":"https:\/\/initiative-schluesselmensch.org\/index.php?rest_route=\/wp\/v2\/pages"}],"about":[{"href":"https:\/\/initiative-schluesselmensch.org\/index.php?rest_route=\/wp\/v2\/types\/page"}],"author":[{"embeddable":true,"href":"https:\/\/initiative-schluesselmensch.org\/index.php?rest_route=\/wp\/v2\/users\/14"}],"replies":[{"embeddable":true,"href":"https:\/\/initiative-schluesselmensch.org\/index.php?rest_route=%2Fwp%2Fv2%2Fcomments&post=10"}],"version-history":[{"count":68,"href":"https:\/\/initiative-schluesselmensch.org\/index.php?rest_route=\/wp\/v2\/pages\/10\/revisions"}],"predecessor-version":[{"id":1643,"href":"https:\/\/initiative-schluesselmensch.org\/index.php?rest_route=\/wp\/v2\/pages\/10\/revisions\/1643"}],"wp:attachment":[{"href":"https:\/\/initiative-schluesselmensch.org\/index.php?rest_route=%2Fwp%2Fv2%2Fmedia&parent=10"}],"curies":[{"name":"wp","href":"https:\/\/api.w.org\/{rel}","templated":true}]}}