{"id":13,"date":"2016-02-17T13:00:03","date_gmt":"2016-02-17T13:00:03","guid":{"rendered":"http:\/\/schluesselmensch.wordpress.com\/?page_id=13"},"modified":"2024-05-07T17:59:16","modified_gmt":"2024-05-07T17:59:16","slug":"kontakt","status":"publish","type":"page","link":"https:\/\/initiative-schluesselmensch.org\/?page_id=13","title":{"rendered":"Kontakt \/ Impressum"},"content":{"rendered":"<h3>Kontakt<\/h3>\n<p>Der Verein ist ein beim Amtsgericht Freiburg als gemeinn\u00fctzig eingetragener Verein.\u00a0<strong><br \/>\n<\/strong><\/p>\n<p>Wenn du Pat*in werden m\u00f6chtest, dich in unserem Orgateam engagieren m\u00f6chtest oder eine eigene Ideen hast, schreib uns gerne:<br \/>\n<strong>mitmachen@initiative-schluesselmensch.org<\/strong><\/p>\n<p>Mit allen anderen Anfragen wende dich bitte an:<br \/>\n<strong>vorstand@<\/strong><strong>initiative-schluesselmensch.org<\/strong><\/p>\n<h3><strong>Vielen Dank f\u00fcr Dein\/Ihr Interesse!<\/strong><\/h3>\n<p>Da unsere Strukturen rein ehrenamtlich sind und wir w\u00f6chentlich zahlreiche Anfragen erhalten, dauert deren Beantwortung manchmal etwas l\u00e4nger. Wir bem\u00fchen uns, alles so schnell wie m\u00f6glich zu bearbeiten. Sollten wir uns nach 14 Tagen nicht gemeldet haben, melde Dich gerne ein weiteres Mal.<br \/>\nIn letzter Zeit erreichen uns zahlreiche Anfragen f\u00fcr Forschungsarbeiten im Rahmen von Abschlussarbeiten. Leider k\u00f6nnen wir solche Anfragen aufgrund von \u00dcberlastung nicht annehmen. Bitte wendet euch hierf\u00fcr an Stellen mit hauptamtlichen MitarbeiterInnen.<br \/>\nF\u00fcr Sachspenden bitte direkt an die verschiedenen Fl\u00fcchtlingsheime wenden. Danke.<\/p>\n<h3 style=\"text-align: left;\">Bilder und Fotos<\/h3>\n<p>Alle Rechte der Bilder und Fotos auf dieser Webseite obliegen dem Verein Initiative Schl\u00fcsselmensch e.V.<\/p>\n<h3 style=\"text-align: left;\"><strong>Impressum (nach \u00a76 TMG\/\u00a755 RStV)<img decoding=\"async\" src=\"http:\/\/initiative-schluesselmensch.org\/wp-content\/uploads\/2015\/07\/schluesselmensch_logo_2000px.jpg\" alt=\"\" class=\" wp-image-752 alignright\" width=\"156\" height=\"163\" \/><\/strong><\/h3>\n<p><span><strong>Inititative|SCHL\u00dcSSELMENSCH<span class=\"Apple-converted-space\">\u00a0 <\/span>e.V<\/strong><br \/>\n<\/span>Belfortstra\u00dfe 24<br \/>\n79098 Freiburg<br \/>\nvorstand@initiative-schluesselmensch.org<\/p>\n","protected":false},"excerpt":{"rendered":"<p>Kontakt Der Verein ist ein beim Amtsgericht Freiburg als gemeinn\u00fctzig eingetragener Verein.\u00a0 Wenn du Pat*in werden m\u00f6chtest, dich in unserem Orgateam engagieren m\u00f6chtest oder eine eigene Ideen hast, schreib uns gerne: mitmachen@initiative-schluesselmensch.org Mit allen anderen Anfragen wende dich bitte an: vorstand@initiative-schluesselmensch.org Vielen Dank f\u00fcr Dein\/Ihr Interesse! Da unsere Strukturen rein [&hellip;]<\/p>\n","protected":false},"author":14,"featured_media":0,"parent":0,"menu_order":0,"comment_status":"closed","ping_status":"closed","template":"","meta":{"footnotes":""},"class_list":["post-13","page","type-page","status-publish","hentry"],"_links":{"self":[{"href":"https:\/\/initiative-schluesselmensch.org\/index.php?rest_route=\/wp\/v2\/pages\/13","targetHints":{"allow":["GET"]}}],"collection":[{"href":"https:\/\/initiative-schluesselmensch.org\/index.php?rest_route=\/wp\/v2\/pages"}],"about":[{"href":"https:\/\/initiative-schluesselmensch.org\/index.php?rest_route=\/wp\/v2\/types\/page"}],"author":[{"embeddable":true,"href":"https:\/\/initiative-schluesselmensch.org\/index.php?rest_route=\/wp\/v2\/users\/14"}],"replies":[{"embeddable":true,"href":"https:\/\/initiative-schluesselmensch.org\/index.php?rest_route=%2Fwp%2Fv2%2Fcomments&post=13"}],"version-history":[{"count":44,"href":"https:\/\/initiative-schluesselmensch.org\/index.php?rest_route=\/wp\/v2\/pages\/13\/revisions"}],"predecessor-version":[{"id":1652,"href":"https:\/\/initiative-schluesselmensch.org\/index.php?rest_route=\/wp\/v2\/pages\/13\/revisions\/1652"}],"wp:attachment":[{"href":"https:\/\/initiative-schluesselmensch.org\/index.php?rest_route=%2Fwp%2Fv2%2Fmedia&parent=13"}],"curies":[{"name":"wp","href":"https:\/\/api.w.org\/{rel}","templated":true}]}}