{"id":1319,"date":"2018-11-27T14:47:36","date_gmt":"2018-11-27T14:47:36","guid":{"rendered":"http:\/\/initiative-schluesselmensch.org\/?page_id=1319"},"modified":"2018-12-06T20:47:00","modified_gmt":"2018-12-06T20:47:00","slug":"erfolge","status":"publish","type":"page","link":"https:\/\/initiative-schluesselmensch.org\/?page_id=1319","title":{"rendered":"Erfolge"},"content":{"rendered":"<h3>Erfolge<\/h3>\n<p>Unsere Initiative ist seit ihrer Gr\u00fcndung 2011 stark angewachsen, inzwischen haben wir mehr als 70 Patenschaften vermittelt!<\/p>\n<p>Angefangen als kleine Initiative ohne feste Strukturen haben wir es geschafft, uns st\u00e4ndig zu professionalisieren und neue Ideen und Ziele in die Tat umzusetzen (dazu geh\u00f6ren zum Beispiel die engere Betreuung der Pat*innen, ein Schwimmtraining mit dem DLRG, politische Meinungsbildung und vieles mehr).<\/p>\n<p>Erfolge sehen wir dabei auf ganz unterschiedlichen Ebenen. Zum einen k\u00f6nnen die Kinder meistens nach k\u00fcrzester Zeit ihre Deutschkenntnisse erheblich verbessern. Viele \u201eunserer\u201c Sch\u00fctzlinge konnten allein deshalb und durch die intensivere Unterst\u00fctzung bei schulischen Belangen auf eine h\u00f6here Schulart wechseln. Andere Kinder spielen jetzt regelm\u00e4\u00dfig in einem Fu\u00dfballverein oder haben die M\u00f6glichkeit, Gitarrenunterricht zu nehmen.<\/p>\n<p>Von dem regen Austausch durch die Patenschaft profitieren aber nicht nur die Kinder. Auch die Pat*innen lernen eine Menge dazu. L\u00e4ngst sind zahlreiche Freundschaften auch mit ganzen Familien entstanden, die nebenbei auch ein kleines St\u00fcckchen dazu beitragen, die in der \u00f6ffentlichen Wahrnehmung bestehende Vorurteile gegen\u00fcber Gefl\u00fcchteten abzubauen.<\/p>\n<p><img fetchpriority=\"high\" decoding=\"async\" src=\"http:\/\/initiative-schluesselmensch.org\/wp-content\/uploads\/2014\/07\/schwimmen_gruppe.jpg\" alt=\"\" width=\"1024\" height=\"678\" class=\"size-full wp-image-779 aligncenter\" \/><\/p>\n","protected":false},"excerpt":{"rendered":"<p>Erfolge Unsere Initiative ist seit ihrer Gr\u00fcndung 2011 stark angewachsen, inzwischen haben wir mehr als 70 Patenschaften vermittelt! Angefangen als kleine Initiative ohne feste Strukturen haben wir es geschafft, uns st\u00e4ndig zu professionalisieren und neue Ideen und Ziele in die Tat umzusetzen (dazu geh\u00f6ren zum Beispiel die engere Betreuung der [&hellip;]<\/p>\n","protected":false},"author":14,"featured_media":0,"parent":0,"menu_order":0,"comment_status":"closed","ping_status":"closed","template":"","meta":{"footnotes":""},"class_list":["post-1319","page","type-page","status-publish","hentry"],"_links":{"self":[{"href":"https:\/\/initiative-schluesselmensch.org\/index.php?rest_route=\/wp\/v2\/pages\/1319","targetHints":{"allow":["GET"]}}],"collection":[{"href":"https:\/\/initiative-schluesselmensch.org\/index.php?rest_route=\/wp\/v2\/pages"}],"about":[{"href":"https:\/\/initiative-schluesselmensch.org\/index.php?rest_route=\/wp\/v2\/types\/page"}],"author":[{"embeddable":true,"href":"https:\/\/initiative-schluesselmensch.org\/index.php?rest_route=\/wp\/v2\/users\/14"}],"replies":[{"embeddable":true,"href":"https:\/\/initiative-schluesselmensch.org\/index.php?rest_route=%2Fwp%2Fv2%2Fcomments&post=1319"}],"version-history":[{"count":3,"href":"https:\/\/initiative-schluesselmensch.org\/index.php?rest_route=\/wp\/v2\/pages\/1319\/revisions"}],"predecessor-version":[{"id":1418,"href":"https:\/\/initiative-schluesselmensch.org\/index.php?rest_route=\/wp\/v2\/pages\/1319\/revisions\/1418"}],"wp:attachment":[{"href":"https:\/\/initiative-schluesselmensch.org\/index.php?rest_route=%2Fwp%2Fv2%2Fmedia&parent=1319"}],"curies":[{"name":"wp","href":"https:\/\/api.w.org\/{rel}","templated":true}]}}