{"id":24,"date":"2011-12-29T19:53:51","date_gmt":"2011-12-29T19:53:51","guid":{"rendered":"http:\/\/schluesselmensch.wordpress.com\/?page_id=24"},"modified":"2018-12-06T20:02:42","modified_gmt":"2018-12-06T20:02:42","slug":"freunde","status":"publish","type":"page","link":"https:\/\/initiative-schluesselmensch.org\/?page_id=24","title":{"rendered":"Kooperationen \/ Freunde"},"content":{"rendered":"<h3 style=\"text-align: justify;\">Kooperationen<\/h3>\n<p style=\"text-align: justify;\">Im Laufe unserer Projekte sind bereits viele tolle Kooperationen entstanden.<\/p>\n<p style=\"text-align: justify;\">Wir freuen uns immer \u00fcber neue Ideen und Kooperationsangebote, die den Kindern mehr Teilhabe an kulturellen, sozialen und sportlichen Aktivit\u00e4ten erm\u00f6glichen.<\/p>\n<p style=\"text-align: justify;\">\nAuch bei weiteren Fragen zur F\u00f6rdermitgliedschaft, Spenden oder anderen Unterst\u00fctzungsm\u00f6glichkeiten, kontaktieren Sie uns gerne unter <strong>vorstand@initiative-schluesselmensch.org<\/strong>.<\/p>\n<ul>\n<li>Die <span style=\"color: #800000;\"><strong><a href=\"http:\/\/www.oberle-stiftung.de\/\" target=\"_blank\" rel=\"noopener\" style=\"color: #800000;\">Wilhelm-Oberle-Stiftung<\/a><\/strong> <\/span>finanziert die Aktivit\u00e4ten und Ausfl\u00fcge, die die Pat_innen mit den Patenkindern unternehmen.<\/li>\n<li>Die <span style=\"color: #800000;\"><strong><a href=\"http:\/\/www.freiburg.dlrg.de\/\" target=\"_blank\" rel=\"noopener\" style=\"color: #800000;\">DLRG<\/a><\/strong><\/span> bietet einer Gruppe unserer Patenkinder einen stark erm\u00e4\u00dfigten w\u00f6chentlichen Schwimmkurs an.<\/li>\n<li>Das <span style=\"color: #800000;\"><strong><a href=\"http:\/\/www.uniorchester.uni-freiburg.de\/\" target=\"_blank\" rel=\"noopener\" style=\"color: #800000;\">Akademische Orchester<\/a><\/strong> <\/span>bietet den Kindern durch Teilnahme an Proben und Konzerten die M\u00f6glichkeit, einen direkten Einblick in die Welt der klassischen Musik zu erhalten.<\/li>\n<li>Das <span style=\"color: #800000;\"><strong><a href=\"http:\/\/www.theater.freiburg.de\/\" style=\"color: #800000;\">Theater der Stadt Freiburg<\/a><\/strong><\/span> stellt f\u00fcr Pat_innen und Kinder aus dem Fl\u00fcchtlingswohnheim erm\u00e4\u00dfigte Eintrittskarten f\u00fcr 3,50\u20ac zur Verf\u00fcgung.<\/li>\n<li>Im <a href=\"http:\/\/www.koki-freiburg.de\/\"><span style=\"color: #800000;\"><strong>Kommunalen Kino<\/strong><\/span><\/a> Freiburg haben Fl\u00fcchtlings freien Eintritt zu allen Vorstellungen.<\/li>\n<li>Georoutes bieten eine kostenlose Geocaching-Stadtrallye f\u00fcr PatInnen und Patenkinder an.<\/li>\n<\/ul>\n<h3>Freunde<\/h3>\n<p>Andere Initiativen und Einrichtungen in der Fl\u00fcchtlingsarbeit:<\/p>\n<ul>\n<li><span style=\"color: #800000;\"><a href=\"http:\/\/www.fluechtlingsheim-st-christoph.de\/\" style=\"color: #800000;\"><strong>Fl\u00fcchtlingsheim St. Christoph<\/strong><\/a><\/span><\/li>\n<li><strong><span style=\"color: #800000;\"><a href=\"http:\/\/www.freiburger-forum.net\/\" style=\"color: #800000;\">Freiburger Forum aktiv gegen Ausgrenzung<\/a><\/span>:<\/strong> Engagieren sich mit vielen verschiedenen Aktionen rund um das Thema Asyl, unter anderem Beratung, ein Solidarit\u00e4tsfond f\u00fcr die Rechtshilfe, konkrete politische Aktionen<\/li>\n<li><a href=\"http:\/\/www.proasyl.de\/\"><strong><span style=\"color: #800000;\">Pro Asyl<\/span><\/strong><\/a><\/li>\n<li><span style=\"color: #800000;\"><a href=\"http:\/\/fluechtlingsrat-bw.de\/\" style=\"color: #800000;\"><strong>Fl\u00fcchtlingsrat Ba-W\u00fc<\/strong><\/a><\/span><\/li>\n<li><a href=\"https:\/\/www.facebook.com\/unifallefrbg\/\"><b>Uni f\u00fcr Alle\u00a0<\/b><\/a><\/li>\n<\/ul>\n","protected":false},"excerpt":{"rendered":"<p>Kooperationen Im Laufe unserer Projekte sind bereits viele tolle Kooperationen entstanden. Wir freuen uns immer \u00fcber neue Ideen und Kooperationsangebote, die den Kindern mehr Teilhabe an kulturellen, sozialen und sportlichen Aktivit\u00e4ten erm\u00f6glichen. Auch bei weiteren Fragen zur F\u00f6rdermitgliedschaft, Spenden oder anderen Unterst\u00fctzungsm\u00f6glichkeiten, kontaktieren Sie uns gerne unter vorstand@initiative-schluesselmensch.org. Die Wilhelm-Oberle-Stiftung [&hellip;]<\/p>\n","protected":false},"author":14,"featured_media":0,"parent":0,"menu_order":0,"comment_status":"closed","ping_status":"closed","template":"","meta":{"footnotes":""},"class_list":["post-24","page","type-page","status-publish","hentry"],"_links":{"self":[{"href":"https:\/\/initiative-schluesselmensch.org\/index.php?rest_route=\/wp\/v2\/pages\/24","targetHints":{"allow":["GET"]}}],"collection":[{"href":"https:\/\/initiative-schluesselmensch.org\/index.php?rest_route=\/wp\/v2\/pages"}],"about":[{"href":"https:\/\/initiative-schluesselmensch.org\/index.php?rest_route=\/wp\/v2\/types\/page"}],"author":[{"embeddable":true,"href":"https:\/\/initiative-schluesselmensch.org\/index.php?rest_route=\/wp\/v2\/users\/14"}],"replies":[{"embeddable":true,"href":"https:\/\/initiative-schluesselmensch.org\/index.php?rest_route=%2Fwp%2Fv2%2Fcomments&post=24"}],"version-history":[{"count":82,"href":"https:\/\/initiative-schluesselmensch.org\/index.php?rest_route=\/wp\/v2\/pages\/24\/revisions"}],"predecessor-version":[{"id":1396,"href":"https:\/\/initiative-schluesselmensch.org\/index.php?rest_route=\/wp\/v2\/pages\/24\/revisions\/1396"}],"wp:attachment":[{"href":"https:\/\/initiative-schluesselmensch.org\/index.php?rest_route=%2Fwp%2Fv2%2Fmedia&parent=24"}],"curies":[{"name":"wp","href":"https:\/\/api.w.org\/{rel}","templated":true}]}}