{"id":260,"date":"2013-03-01T16:29:51","date_gmt":"2013-03-01T16:29:51","guid":{"rendered":"http:\/\/initiative-schluesselmensch.org\/?page_id=260"},"modified":"2015-05-21T07:14:40","modified_gmt":"2015-05-21T07:14:40","slug":"presse","status":"publish","type":"page","link":"https:\/\/initiative-schluesselmensch.org\/?page_id=260","title":{"rendered":"Presse"},"content":{"rendered":"<h3><\/h3>\n<h3><strong>\u00dcber uns:<\/strong><\/h3>\n<p style=\"padding-left: 30px;\">&#8222;Unicross&#8220; &#8211; Freiburger Online-Magazin von Studierenden \u00fcber Patenschaftem und unser politisches Engagement. <a href=\"http:\/\/www.unicross.uni-freiburg.de\/2015\/05\/13\/initiative-schluesselmensch\/\">Hier<\/a> zu lesen.<\/p>\n<p style=\"padding-left: 30px;\">&#8222;Der Sonntag&#8220; berichtete am 3.5.2015 \u00fcber den<a href=\"http:\/\/img.der-sonntag.de\/dso-epaper\/pdf\/DS_frs_03.05.2015.pdf\"> &#8222;Runden Tisch Asyl und Fl\u00fcchtlinge&#8220;<\/a> der Gr\u00fcnen, bei dem das <a href=\"http:\/\/www.freiburger-forum.net\/\">Freiburger Forum gegen Ausgrenzung<\/a> und die Initiative Schl\u00fcsselmensch deutliche Kritik an der Asylpolitik der Gr\u00fcnen \u00e4u\u00dferten.<\/p>\n<p style=\"padding-left: 30px;\"><a href=\"https:\/\/rdl.de\/beitrag\/voyeuristischer-blick-initiative-schl-sselmensch-zur-berichterstattung-ber-familie-ametovic\">&#8222;Voyeuristischer Blick &#8211; Initiative Schl\u00fcsselmensch zur Berichterstattung \u00fcber Familie Ametovic&#8220;<\/a>. Radio Dreyeckland, 3.4.2015.<\/p>\n<p style=\"padding-left: 30px;\"><a href=\"http:\/\/swrmediathek.de\/player.htm?show=412006e0-c377-11e4-855c-0026b975f2e6\">&#8222;Mensch Sch\u00f6berl!&#8220;<\/a> hie\u00df es am 5.3. in der SWR-Sendung &#8222;Zur Sache Baden W\u00fcrttemberg&#8220;. Catherin Sch\u00f6berl berichtet \u00fcber ihre Patenschaft und zeigt die Doppelmoral der deutschen und europ\u00e4ischen Fl\u00fcchtlingspolitik.<\/p>\n<p style=\"padding-left: 30px;\">Der SWR hat am 24.2.15 in der Landesschau anl\u00e4sslich der Sammelabschiebung vom Baden Airpark \u00fcber die Initiative Schl\u00fcsselmensch berichtet: <a href=\"http:\/\/swrmediathek.de\/player.htm?show=0c65b0b0-bc3f-11e4-a029-0026b975f2e6\">Hier ansehen<\/a>.<\/p>\n<p style=\"padding-left: 30px;\">Auch das Greenpeace-Magazin Tempo hat in der Ausgabe 2.15 unsere Initiative unter dem Stichwort <a href=\"https:\/\/www.greenpeace-magazin.de\/sieben-initiativen-die-etwas-bewegen\">&#8222;Kultur der Offenheit&#8220; <\/a>portraitiert.<\/p>\n<p style=\"padding-left: 30px;\">Die Initiative|SCHL\u00dcSSELMENSCH hat am 11.12.2014 eine Spende vom Berusbildungsausschuss der IHK erhalten. <a href=\"http:\/\/www.tv-suedbaden.de\/freiburg-ihk-spendet-fuer-fluechtlinge-83672\/\">TV S\u00fcdbaden<\/a> und das Onlineportal <a href=\"http:\/\/www.regiotrends.de\/de\/regiomix\/index.foto.256215.0.html\">Regiotrends<\/a> haben berichtet.<\/p>\n<p style=\"padding-left: 30px;\">Unser Vorstands- und Gr\u00fcndungsmitglied Andy Stifel sprach mit Felix Dachsel von der Taz dar\u00fcber, warum die Initiative|SCHL\u00dcSSELMENSCH die Einladung ehrenamtlicher &#8222;Fl\u00fcchtlingshelfer_innen&#8220; ins Bundeskanzleramt erst gar nicht annehmen wollten. Er macht deutlich, worum es eigentlich gehen sollte: nicht um die Ehrenamtlichen, sondern um die fatale Politik, die f\u00fcr die Gefl\u00fcchteten &#8222;an Psychoterror grenzt&#8220;.<a href=\"http:\/\/www.taz.de\/1\/archiv\/digitaz\/artikel\/?ressort=tz&amp;dig=2014%2F12%2F18%2Fa0193&amp;cHash=144b7ba1947e8f03f5a5a48826dde900\"> Hier gibt es das ganze Interview.<\/a><\/p>\n<p style=\"padding-left: 30px;\"><a href=\"http:\/\/www.publik-forum.de\/publik-forum-11-2014\/mein-ziel-ist-eine-offene-stadt\">&#8222;Mein Ziel ist eine offene Stadt&#8220;<\/a> sagte Laura Gorriahn im Juni 2014 dem Magazin Publik Forum (hier zum <a href=\"http:\/\/www.schreib-gut.de\/texte\/laura.html\">Volltext<\/a>).<\/p>\n<p style=\"padding-left: 30px;\">Ein Bericht \u00fcber unsere Arbeit in der Badischen Zeitung anl\u00e4sslich der Verleihung des Jugend-Friedenspreises der DGVN an unsere Initiative: <a href=\"http:\/\/www.badische-zeitung.de\/freiburg\/freiburger-initiative-schluesselmensch-erhaelt-den-jugend-friedenspreis\">&#8222;<em>Freiburger Initiative Schl\u00fcsselmensch erh\u00e4lt den Jugend-Friedenspreis&#8220;<\/em><\/a> von Anja Bochtler<\/p>\n<p style=\"padding-left: 30px;\"><a href=\"https:\/\/bbboteblog.wordpress.com\/2013\/10\/04\/ein-blumenstraus-an-angeboten-die-initiative-schlusselmensch-e-v\/\">&#8222;Ein Blumenstrau\u00df an Angeboten:&#8220;<\/a> Unsere Vorsitzende Laura Gorriahn im Interview mit dem Br\u00fchl-Beurbarung-Bote.<\/p>\n<h3><strong>Informationen zum Fl\u00fcchtlingswohnheim St. Christoph und der allgemeinen Situation in Freiburg:<\/strong><\/h3>\n<p style=\"padding-left: 30px;\">Beitrag aus der Frankfurter Rundschau \u00fcber das Leben in St. Christoph und die Bedingungen in Freiburg:\u00a0<a href=\"http:\/\/www.fr-online.de\/politik\/freiburg-leben-am-rand,1472596,4806264.html\"><em>&#8222;Leben am Rand&#8220; <\/em><\/a>von J\u00f6rg Schindler<\/p>\n<p style=\"padding-left: 30px;\">Beitrag in der Badischen Zeitung \u00fcber die Platznot in Freiburger Fl\u00fcchtlingsheimen: <a href=\"http:\/\/www.badische-zeitung.de\/freiburg\/fuer-roma-fluechtlinge-ist-freiburg-kein-platz-zum-bleiben--30939704.html\"><em>&#8222;F\u00fcr Roma-Fl\u00fcchtlinge ist kein Platz zum Bleiben&#8220;<\/em><\/a> von Arne Bensiek<\/p>\n<p style=\"padding-left: 30px;\">Beitrag in der Badischen Zeitung \u00fcber die Situation der Freiburger Heime:<em> <a href=\"http:\/\/www.badische-zeitung.de\/freiburgs-fluechtlingsheime-sind-in-sehr-schlechtem-zustand\">&#8222;Freiburgs Fl\u00fcchtlingsheime sind in sehr schlechtem Zustand&#8220;<\/a> <\/em>von Frank Zimmermann<\/p>\n","protected":false},"excerpt":{"rendered":"<p>\u00dcber uns: &#8222;Unicross&#8220; &#8211; Freiburger Online-Magazin von Studierenden \u00fcber Patenschaftem und unser politisches Engagement. Hier zu lesen. &#8222;Der Sonntag&#8220; berichtete am 3.5.2015 \u00fcber den &#8222;Runden Tisch Asyl und Fl\u00fcchtlinge&#8220; der Gr\u00fcnen, bei dem das Freiburger Forum gegen Ausgrenzung und die Initiative Schl\u00fcsselmensch deutliche Kritik an der Asylpolitik der Gr\u00fcnen \u00e4u\u00dferten. [&hellip;]<\/p>\n","protected":false},"author":14,"featured_media":0,"parent":0,"menu_order":0,"comment_status":"closed","ping_status":"closed","template":"","meta":{"footnotes":""},"class_list":["post-260","page","type-page","status-publish","hentry"],"_links":{"self":[{"href":"https:\/\/initiative-schluesselmensch.org\/index.php?rest_route=\/wp\/v2\/pages\/260","targetHints":{"allow":["GET"]}}],"collection":[{"href":"https:\/\/initiative-schluesselmensch.org\/index.php?rest_route=\/wp\/v2\/pages"}],"about":[{"href":"https:\/\/initiative-schluesselmensch.org\/index.php?rest_route=\/wp\/v2\/types\/page"}],"author":[{"embeddable":true,"href":"https:\/\/initiative-schluesselmensch.org\/index.php?rest_route=\/wp\/v2\/users\/14"}],"replies":[{"embeddable":true,"href":"https:\/\/initiative-schluesselmensch.org\/index.php?rest_route=%2Fwp%2Fv2%2Fcomments&post=260"}],"version-history":[{"count":36,"href":"https:\/\/initiative-schluesselmensch.org\/index.php?rest_route=\/wp\/v2\/pages\/260\/revisions"}],"predecessor-version":[{"id":268,"href":"https:\/\/initiative-schluesselmensch.org\/index.php?rest_route=\/wp\/v2\/pages\/260\/revisions\/268"}],"wp:attachment":[{"href":"https:\/\/initiative-schluesselmensch.org\/index.php?rest_route=%2Fwp%2Fv2%2Fmedia&parent=260"}],"curies":[{"name":"wp","href":"https:\/\/api.w.org\/{rel}","templated":true}]}}