{"id":501,"date":"2014-07-22T21:54:18","date_gmt":"2014-07-22T21:54:18","guid":{"rendered":"http:\/\/initiative-schluesselmensch.org\/?page_id=501"},"modified":"2018-12-12T11:48:07","modified_gmt":"2018-12-12T11:48:07","slug":"auszeichnungen","status":"publish","type":"page","link":"https:\/\/initiative-schluesselmensch.org\/?page_id=501","title":{"rendered":"Auszeichnungen"},"content":{"rendered":"<h3>2. Preis des Freiburger Integrationspreises 2018<\/h3>\n<p><a href=\"http:\/\/www.badische-zeitung.de\/529-menschen-werden-in-freiburg-zu-deutschen-staatsbuergern\" target=\"_top\"><strong>529 Menschen werden in Freiburg zu deutschen Staatsb\u00fcrgern<\/strong> (ver\u00f6ffentlicht am Mo, 10. Dezember 2018 auf badische-zeitung.de)<\/a><\/p>\n<h3>F\u00f6rderpreis der SolidarEnergie 2015<\/h3>\n<p>Vom F\u00f6rdergeld der <a href=\"http:\/\/www.solidarenergie.de\/foerderweg.html\">SolidarEnergie<\/a> finanzieren wir das Schwimmtraining, das wir regelm\u00e4\u00dfig in Kooperation mit dem DLRG anbieten.<\/p>\n<h3>Jugend-Friedenspreis 2013 der Deutschen\u00a0Gesellschaft f\u00fcr die Vereinten Nationen<\/h3>\n<p>Einen Artikel zur Verleihung des Preises an uns findet ihr<a href=\"http:\/\/www.badische-zeitung.de\/freiburg\/freiburger-initiative-schluesselmensch-erhaelt-den-jugend-friedenspreis--75901828.html\"> hier.\u00a0<\/a><a href=\"http:\/\/www.badische-zeitung.de\/freiburg\/freiburger-initiative-schluesselmensch-erhaelt-den-jugend-friedenspreis--75901828.html\"><\/a><\/p>\n<h3>Engagementpreis 2013 der FES-Ehemalige e.V.<\/h3>\n<p>Auf der <a href=\"http:\/\/www.engagementpreis.de\/preistraeger-2013\">Seite des Engagementpreises<\/a>\u00a0wird Schl\u00fcsselmensch vorgestellt und man kann die Laudatio von Kai Gniffke zum Preis nachlesen, <a href=\"http:\/\/www.engagementpreis.de\/downloads\/Engagementpreis_Schluesselmensch.pdf\">hier<\/a> gibt es au\u00dferdem die Pressemitteilung zur Preisverleihung.<\/p>\n<h3>Universit\u00e4t Freiburg, Alumni-Preis f\u00fcr Soziales Engagement 2013<\/h3>\n","protected":false},"excerpt":{"rendered":"<p>2. Preis des Freiburger Integrationspreises 2018 529 Menschen werden in Freiburg zu deutschen Staatsb\u00fcrgern (ver\u00f6ffentlicht am Mo, 10. Dezember 2018 auf badische-zeitung.de) F\u00f6rderpreis der SolidarEnergie 2015 Vom F\u00f6rdergeld der SolidarEnergie finanzieren wir das Schwimmtraining, das wir regelm\u00e4\u00dfig in Kooperation mit dem DLRG anbieten. Jugend-Friedenspreis 2013 der Deutschen\u00a0Gesellschaft f\u00fcr die Vereinten [&hellip;]<\/p>\n","protected":false},"author":14,"featured_media":0,"parent":0,"menu_order":0,"comment_status":"closed","ping_status":"open","template":"","meta":{"footnotes":""},"class_list":["post-501","page","type-page","status-publish","hentry"],"_links":{"self":[{"href":"https:\/\/initiative-schluesselmensch.org\/index.php?rest_route=\/wp\/v2\/pages\/501","targetHints":{"allow":["GET"]}}],"collection":[{"href":"https:\/\/initiative-schluesselmensch.org\/index.php?rest_route=\/wp\/v2\/pages"}],"about":[{"href":"https:\/\/initiative-schluesselmensch.org\/index.php?rest_route=\/wp\/v2\/types\/page"}],"author":[{"embeddable":true,"href":"https:\/\/initiative-schluesselmensch.org\/index.php?rest_route=\/wp\/v2\/users\/14"}],"replies":[{"embeddable":true,"href":"https:\/\/initiative-schluesselmensch.org\/index.php?rest_route=%2Fwp%2Fv2%2Fcomments&post=501"}],"version-history":[{"count":19,"href":"https:\/\/initiative-schluesselmensch.org\/index.php?rest_route=\/wp\/v2\/pages\/501\/revisions"}],"predecessor-version":[{"id":1433,"href":"https:\/\/initiative-schluesselmensch.org\/index.php?rest_route=\/wp\/v2\/pages\/501\/revisions\/1433"}],"wp:attachment":[{"href":"https:\/\/initiative-schluesselmensch.org\/index.php?rest_route=%2Fwp%2Fv2%2Fmedia&parent=501"}],"curies":[{"name":"wp","href":"https:\/\/api.w.org\/{rel}","templated":true}]}}