{"id":630,"date":"2014-12-12T15:37:29","date_gmt":"2014-12-12T15:37:29","guid":{"rendered":"http:\/\/initiative-schluesselmensch.org\/?page_id=630"},"modified":"2018-12-06T20:45:57","modified_gmt":"2018-12-06T20:45:57","slug":"fordermitglied-werden","status":"publish","type":"page","link":"https:\/\/initiative-schluesselmensch.org\/?page_id=630","title":{"rendered":"Spenden"},"content":{"rendered":"<h3 style=\"text-align: justify;\">Spenden und F\u00f6rdermitgliedschaften<\/h3>\n<p>Unser Engagement basiert auf der Solidarit\u00e4t mit Gefl\u00fcchteten. Deswegen arbeiten wir alle ehrenamtlich im Verein. Die Unkosten f\u00fcr die Patenschaften (Eintrittsgelder, Fahrt- und Verpflegungskosten) werden von der Wilhelm-Oberle-Stiftung getragen. Aber auch dar\u00fcber hinaus sind wir auf finanzielle Unterst\u00fctzung angewiesen:<\/p>\n<p><strong>Finanzierung der Vereinsarbeit <\/strong><br \/>\nAngefangen im Jahr 2011 als kleine Initiative ohne feste Strukturen haben wir es geschafft, uns st\u00e4ndig zu professionalisieren und neue Ideen und Ziele in die Tat umzusetzen (dazu geh\u00f6ren die engere Betreuung der Pat*innen, ein Schwimmtraining mit dem DLRG, politische Meinungsbildung und vieles mehr).<\/p>\n<p><strong>Rechtliche und medizinische Beratung f\u00fcr Fl\u00fcchtlinge <\/strong><br \/>\nDie meisten Gefl\u00fcchteten in Freiburg sind hier nur geduldet und leben mit der st\u00e4ndigen Angst, in ihr Herkunftsland abgeschoben zu werden. Das betrifft vor allem die Kinder, die die Heimat ihrer Eltern kaum oder gar nicht kennen und dort keine Perspektive haben. Deswegen begleiten wir die Familien unserer Patenkinder auch bei Beh\u00f6rdeng\u00e4ngen und finanzieren ihnen Rechtsbeistand bei Asylantr\u00e4gen und im Falle einer drohenden Abschiebung. Wir unterst\u00fctzen au\u00dferdem den Rechtshilfefonds des Freiburger Forums gegen Ausgrenzung, aus dem Gefl\u00fcchtete\u00a0unb\u00fcrokratisch eine juristische Beratung finanziert wird.<\/p>\n<p><strong>Qualifizierung und Weiterbildung<\/strong><br \/>\nEinmal im Jahr organisieren wir eine Fortbildung f\u00fcr neue und erfahrene Pat*innen. Wir informieren uns \u00fcber aktuelle fl\u00fcchtlingspolitische Themen, hinterfragen eigene Vorurteile und tauschen uns \u00fcber den Alltag mit unseren Patenkindern aus. Dar\u00fcber hinaus bieten wir den Pat*innen immer wieder Supervisionen an, die Raum bieten m\u00f6gliche Probleme in den Patenschaften zu besprechen und zu reflektieren.<\/p>\n<p style=\"text-align: justify;\">Um zu gew\u00e4hrleisten, dass unsere Initiative dauerhaft Patenschaften vermitteln und begleiten kann, sind wir auf Ihre Unterst\u00fctzung angewiesen. Wir freuen uns \u00fcber eine einmalige Spende, m\u00f6chten Ihnen aber auch anbieten, F\u00f6rdermitglied der Initiative Schl\u00fcsselmensch zu werden und unser Engagement kontinuierlich zu erm\u00f6glichen. Das gibt Ihnen die M\u00f6glichkeit dazu beizutragen, dass die Kinder und ihre Familien in den Freiburger Fl\u00fcchtlingswohnheimen erfahren, dass sie hier in Freiburg willkommen sind und nicht mit ihrer Fluchterfahrung allein gelassen werden. Wir informieren unsere F\u00f6rdermitglieder halbj\u00e4hrlich mit einem Rundbrief \u00fcber die Vereinsaktivit\u00e4ten und die Entwicklung der Fl\u00fcchtlingspolitik in Freiburg. Als gemeinn\u00fctziger Verein stellen wir Ihnen auf Wunsch selbstverst\u00e4ndlich eine Spendenbescheinigung aus.<br \/>\nHier k\u00f6nnen Sie das Antragsformular herunterladen: <span style=\"color: #800000;\"><a href=\"http:\/\/initiative-schluesselmensch.org\/wp-content\/uploads\/2015\/05\/Antrag-auf-F\u00f6rdermitgliedschaft.pdf\" style=\"color: #800000;\">Antrag auf F\u00f6rdermitgliedschaft<\/a>.<\/span><\/p>\n<p><strong>Gerne k\u00f6nnen Sie unsere Arbeit auch mit einer einmaligen Spende unterst\u00fctzen:<\/strong><br \/>\nInitiative|Schl\u00fcsselmensch<br \/>\nIBAN: DE93 4306 0967 7919 9859 00; BIC: GENODEM1GLS; GLS Gemeinschaftsbank eG Bochum<br \/>\nBitte denken Sie daran, uns im Verwendungszweck, <span style=\"color: #800000;\"><a title=\"Kontakt \/ Impressum\" href=\"http:\/\/initiative-schluesselmensch.org\/?page_id=13\" style=\"color: #800000;\">per Mail oder Post<\/a><\/span> Ihre Adresse zu \u00fcbermitteln, wenn Sie eine <strong>Spendenbescheinigung<\/strong> w\u00fcnschen.<\/p>\n<p>&nbsp;<\/p>\n<h3><strong>Vielen Dank!<\/strong><\/h3>\n","protected":false},"excerpt":{"rendered":"<p>Spenden und F\u00f6rdermitgliedschaften Unser Engagement basiert auf der Solidarit\u00e4t mit Gefl\u00fcchteten. Deswegen arbeiten wir alle ehrenamtlich im Verein. Die Unkosten f\u00fcr die Patenschaften (Eintrittsgelder, Fahrt- und Verpflegungskosten) werden von der Wilhelm-Oberle-Stiftung getragen. Aber auch dar\u00fcber hinaus sind wir auf finanzielle Unterst\u00fctzung angewiesen: Finanzierung der Vereinsarbeit Angefangen im Jahr 2011 als [&hellip;]<\/p>\n","protected":false},"author":14,"featured_media":0,"parent":0,"menu_order":0,"comment_status":"closed","ping_status":"open","template":"","meta":{"footnotes":""},"class_list":["post-630","page","type-page","status-publish","hentry"],"_links":{"self":[{"href":"https:\/\/initiative-schluesselmensch.org\/index.php?rest_route=\/wp\/v2\/pages\/630","targetHints":{"allow":["GET"]}}],"collection":[{"href":"https:\/\/initiative-schluesselmensch.org\/index.php?rest_route=\/wp\/v2\/pages"}],"about":[{"href":"https:\/\/initiative-schluesselmensch.org\/index.php?rest_route=\/wp\/v2\/types\/page"}],"author":[{"embeddable":true,"href":"https:\/\/initiative-schluesselmensch.org\/index.php?rest_route=\/wp\/v2\/users\/14"}],"replies":[{"embeddable":true,"href":"https:\/\/initiative-schluesselmensch.org\/index.php?rest_route=%2Fwp%2Fv2%2Fcomments&post=630"}],"version-history":[{"count":14,"href":"https:\/\/initiative-schluesselmensch.org\/index.php?rest_route=\/wp\/v2\/pages\/630\/revisions"}],"predecessor-version":[{"id":1417,"href":"https:\/\/initiative-schluesselmensch.org\/index.php?rest_route=\/wp\/v2\/pages\/630\/revisions\/1417"}],"wp:attachment":[{"href":"https:\/\/initiative-schluesselmensch.org\/index.php?rest_route=%2Fwp%2Fv2%2Fmedia&parent=630"}],"curies":[{"name":"wp","href":"https:\/\/api.w.org\/{rel}","templated":true}]}}