{"id":898,"date":"2018-06-14T12:54:03","date_gmt":"2018-06-14T12:54:03","guid":{"rendered":"http:\/\/initiative-schluesselmensch.org\/?page_id=898"},"modified":"2019-01-19T13:32:43","modified_gmt":"2019-01-19T13:32:43","slug":"datenschutzerklaerung","status":"publish","type":"page","link":"https:\/\/initiative-schluesselmensch.org\/?page_id=898","title":{"rendered":"Datenschutzerkl\u00e4rung"},"content":{"rendered":"<p>Auf dieser Seite informieren wir gem. der EU Datenschutz-Grundverordnung dar\u00fcber, welche personenbezogenen Daten bei der Nutzung dieser Seite und ihrer Angebote verarbeitet werden und zu welchen Zwecken diese Daten verwendet werden. Unsere Website ist: http:\/\/initiative-schluesselmensch.org.<\/p>\n<h3><b>Verantwortlicher<\/b><\/h3>\n<p>Verantwortlich f\u00fcr die Verarbeitung der Daten ist der Verein Initiative Schl\u00fcsselmensch e.V.<\/p>\n<h3>Protokolldaten des Webservers<\/h3>\n<p>Unser Webserver verarbeitet bei jeder Anfrage eine Reihe von Daten, die Ihr Browser automatisch an unseren Webserver \u00fcbermittelt. Dabei handelt es sich um die Ihrem Ger\u00e4t aktuell zugewiesene IP-Adresse, das Datum und die Uhrzeit der Anfrage, die Zeitzone, die konkret aufgerufene Seite oder Datei, den http-Statuscode und die \u00fcbertragene Datenmenge. Zus\u00e4tzlich die Webseite, von der Ihre Anfrage kam, den verwendeten Browser, das Betriebssystem Ihres Endger\u00e4tes und die eingestellte Sprache. Diese Daten nutzt der Webserver, um die Inhalte dieser Webseite bestm\u00f6glich auf Ihrem Ger\u00e4t darzustellen. Ihre IP-Adresse wird nach dem Ende der Verbindung umgehend gel\u00f6scht, die \u00fcbrigen Daten werden zu statistischen Zwecken ohne Bezug zu Ihrer Person gespeichert. Die IP-Adresse wird w\u00e4hrend der Verbindung ben\u00f6tigt, um die Inhalte unserer Webseite an Ihren Browser zu \u00fcbertragen. Rechtsgrundlage f\u00fcr die Verarbeitung der IP-Adresse ist Art. 6 Abs. 1 b) DS-GVO. Die \u00dcbermittlung der IP-Adresse ist erforderlich, um die Inhalte der Webseite anzuzeigen; ohne \u00dcbermittlung der IP-Adresse ist eine Anzeige der Webseite nicht m\u00f6glich.<\/p>\n<p>Wir weisen darauf hin, dass die Daten\u00fcbertragung im Internet (z.B. bei der Kommunikation per E-Mail) Sicherheitsl\u00fccken aufweisen kann. Ein l\u00fcckenloser Schutz der Daten vor dem Zugriff durch Dritte ist nicht m\u00f6glich.<\/p>\n<h3>Kontaktformular<\/h3>\n<p><span>Durch das Ausf\u00fcllen und Abschicken des <\/span>Kontaktformulars<span> erheben und speichern wir folgende personenbezogenen Daten:<\/span><\/p>\n<p><span>\u2022 Vor- und Nachname<\/span><br \/>\n<span>\u2022 E-Mail-Adresse<\/span><\/p>\n<p><span>Ihre Daten werden in Form einer unverschl\u00fcsselten E-Mail an mitmachen[at]initiative-schluesselmensch.org gesendet. Wir verwenden Ihre pers\u00f6nlichen Daten ausschlie\u00dflich zu den folgenden Zwecken:<\/span><\/p>\n<p><span>a) Ihren Namen ben\u00f6tig<\/span><span>en wir, um Sie eindeutig identifizieren zu k\u00f6nnen und einem Missbrauch unserer Dienstleistung vorzubeugen.<\/span><br \/>\n<span>b) Ihre Kontaktdaten ben\u00f6tigen wir, um Ihre Anfrage beantworten zu k\u00f6nnen.<\/span><br \/>\n<span>c) Alle dar\u00fcber hinaus gehenden Angaben sind freiwillig und dienen dazu, alle relevanten Informationen Ihrer Anfrage direkt zu erfassen. <\/span><\/p>\n<p>Die rechtliche Grundlage dieser Daten ist Ihre Einwilligung gem. Art. 6 Abs. 1 lit. a) DSGVO.<\/p>\n<h3>Eingebettete Inhalte von anderen Websites<\/h3>\n<p>Beitr\u00e4ge auf dieser Website k\u00f6nnen eingebettete Inhalte beinhalten (z.\u00a0B. Videos, Bilder, Beitr\u00e4ge etc.). Eingebettete Inhalte von anderen Websites verhalten sich exakt so, als ob der Besucher die andere Website besucht h\u00e4tte.<\/p>\n<p>Diese Websites k\u00f6nnen Daten \u00fcber Sie sammeln, Cookies benutzen, zus\u00e4tzliche Tracking-Dienste von Dritten einbetten und Ihre Interaktion mit diesem eingebetteten Inhalt aufzeichnen, inklusive Ihrer Interaktion mit dem eingebetteten Inhalt, falls Sie ein Konto hast und auf dieser Website angemeldet sind.<\/p>\n<h3>Welche Rechte Sie an ihren Daten haben<\/h3>\n<p>Sie haben jederzeit das Recht auf unentgeltliche Auskunft \u00fcber Ihre gespeicherten personenbezogenen Daten, deren Herkunft und Empf\u00e4nger und den Zweck der Datenverarbeitung sowie ein Recht auf Berichtigung, Sperrung oder L\u00f6schung dieser Daten. Hierzu sowie zu weiteren Fragen zum Thema personenbezogene Daten k\u00f6nnen Sie sich jederzeit \u00fcber die im Impressum angegeben Adresse des Webseitenbetreibers an uns wenden.<\/p>\n<h3>\u00c4nderung der Datenschutzerkl\u00e4rung<\/h3>\n<p>Die Initiative Schl\u00fcsselmensch beh\u00e4lt sich vor, diese Datenschutzerkl\u00e4rung bei Bedarf an neue Angebote und Datenverarbeitungen oder ver\u00e4nderte sachliche oder rechtliche Bedingungen anzupassen.<\/p>\n","protected":false},"excerpt":{"rendered":"<p>Auf dieser Seite informieren wir gem. der EU Datenschutz-Grundverordnung dar\u00fcber, welche personenbezogenen Daten bei der Nutzung dieser Seite und ihrer Angebote verarbeitet werden und zu welchen Zwecken diese Daten verwendet werden. Unsere Website ist: http:\/\/initiative-schluesselmensch.org. Verantwortlicher Verantwortlich f\u00fcr die Verarbeitung der Daten ist der Verein Initiative Schl\u00fcsselmensch e.V. Protokolldaten des [&hellip;]<\/p>\n","protected":false},"author":14,"featured_media":0,"parent":0,"menu_order":0,"comment_status":"closed","ping_status":"closed","template":"","meta":{"footnotes":""},"class_list":["post-898","page","type-page","status-publish","hentry"],"_links":{"self":[{"href":"https:\/\/initiative-schluesselmensch.org\/index.php?rest_route=\/wp\/v2\/pages\/898","targetHints":{"allow":["GET"]}}],"collection":[{"href":"https:\/\/initiative-schluesselmensch.org\/index.php?rest_route=\/wp\/v2\/pages"}],"about":[{"href":"https:\/\/initiative-schluesselmensch.org\/index.php?rest_route=\/wp\/v2\/types\/page"}],"author":[{"embeddable":true,"href":"https:\/\/initiative-schluesselmensch.org\/index.php?rest_route=\/wp\/v2\/users\/14"}],"replies":[{"embeddable":true,"href":"https:\/\/initiative-schluesselmensch.org\/index.php?rest_route=%2Fwp%2Fv2%2Fcomments&post=898"}],"version-history":[{"count":8,"href":"https:\/\/initiative-schluesselmensch.org\/index.php?rest_route=\/wp\/v2\/pages\/898\/revisions"}],"predecessor-version":[{"id":1476,"href":"https:\/\/initiative-schluesselmensch.org\/index.php?rest_route=\/wp\/v2\/pages\/898\/revisions\/1476"}],"wp:attachment":[{"href":"https:\/\/initiative-schluesselmensch.org\/index.php?rest_route=%2Fwp%2Fv2%2Fmedia&parent=898"}],"curies":[{"name":"wp","href":"https:\/\/api.w.org\/{rel}","templated":true}]}}